{"id":5,"date":"2010-06-21T06:05:37","date_gmt":"2010-06-21T04:05:37","guid":{"rendered":"http:\/\/www.wir-in-winden.de\/?page_id=5"},"modified":"2024-10-29T09:08:56","modified_gmt":"2024-10-29T07:08:56","slug":"gemeinderat","status":"publish","type":"page","link":"https:\/\/www.wir-in-winden.de\/?page_id=5","title":{"rendered":"Gemeinderat"},"content":{"rendered":"\n<ul class=\"wp-block-list\"><li><strong>Ortsb\u00fcrgermeister:<\/strong> <strong>Gebhard Linscheid, Vor dem Wald 11,<\/strong><\/li><li>Telefon: 017610208918 E-Mail: gebhard.linscheid@t-online.de<\/li><li><strong>1. Ortsbeigeordneter: <\/strong> <strong>Janusch Rommersbach<\/strong> <\/li><li><strong>2. Ortsbeigeordneter: <\/strong> <strong>Stefan Hermanns<\/strong> <\/li><li><strong>3. Ortsbeigeordnete: Bianca Schmitt<\/strong><\/li><\/ul>\n\n\n\n<p>Gemeinderatsmitglieder:<\/p>\n\n\n\n<ul class=\"wp-block-list\"><li>Elke Forro<\/li><li>Matthias Klein<\/li><li>Thomas Kurth<\/li><li>Kai Uwe L\u00f6hle<\/li><li>Sascha Ludwig<\/li><li>Klaus Dieter M\u00fcller<\/li><li>Marco M\u00fcller<\/li><li>Michelle Schmidt<\/li><li>Christian Weidner <\/li><\/ul>\n\n\n\n<p><\/p>\n","protected":false},"excerpt":{"rendered":"<p>Ortsb\u00fcrgermeister: Gebhard Linscheid, Vor dem Wald 11, Telefon: 017610208918 E-Mail: gebhard.linscheid@t-online.de 1. Ortsbeigeordneter: Janusch Rommersbach 2. Ortsbeigeordneter: Stefan Hermanns 3. Ortsbeigeordnete: Bianca Schmitt Gemeinderatsmitglieder: Elke Forro Matthias Klein Thomas Kurth Kai Uwe L\u00f6hle Sascha Ludwig Klaus Dieter M\u00fcller Marco M\u00fcller Michelle Schmidt Christian Weidner<\/p>\n","protected":false},"author":1,"featured_media":0,"parent":0,"menu_order":5,"comment_status":"closed","ping_status":"closed","template":"","meta":{"footnotes":""},"class_list":["post-5","page","type-page","status-publish","hentry"],"_links":{"self":[{"href":"https:\/\/www.wir-in-winden.de\/index.php?rest_route=\/wp\/v2\/pages\/5","targetHints":{"allow":["GET"]}}],"collection":[{"href":"https:\/\/www.wir-in-winden.de\/index.php?rest_route=\/wp\/v2\/pages"}],"about":[{"href":"https:\/\/www.wir-in-winden.de\/index.php?rest_route=\/wp\/v2\/types\/page"}],"author":[{"embeddable":true,"href":"https:\/\/www.wir-in-winden.de\/index.php?rest_route=\/wp\/v2\/users\/1"}],"replies":[{"embeddable":true,"href":"https:\/\/www.wir-in-winden.de\/index.php?rest_route=%2Fwp%2Fv2%2Fcomments&post=5"}],"version-history":[{"count":34,"href":"https:\/\/www.wir-in-winden.de\/index.php?rest_route=\/wp\/v2\/pages\/5\/revisions"}],"predecessor-version":[{"id":12061,"href":"https:\/\/www.wir-in-winden.de\/index.php?rest_route=\/wp\/v2\/pages\/5\/revisions\/12061"}],"wp:attachment":[{"href":"https:\/\/www.wir-in-winden.de\/index.php?rest_route=%2Fwp%2Fv2%2Fmedia&parent=5"}],"curies":[{"name":"wp","href":"https:\/\/api.w.org\/{rel}","templated":true}]}}