{"id":1112,"date":"2010-11-09T19:58:58","date_gmt":"2010-11-09T18:58:58","guid":{"rendered":"http:\/\/www.wir-in-winden.de\/?page_id=1112"},"modified":"2011-02-19T17:25:31","modified_gmt":"2011-02-19T16:25:31","slug":"ortssatzungen","status":"publish","type":"page","link":"https:\/\/www.wir-in-winden.de\/?page_id=1112","title":{"rendered":"Ortssatzungen"},"content":{"rendered":"<p>Hier k\u00f6nnen Sie sich s\u00e4mtliche Ortssatzungen der Ortsgemeinde Winden herunterladen.<\/p>\n<ul>\n<li>Link zur <a href=\"http:\/\/www.wir-in-winden.de\/\/wp-content\/uploads\/Ortssatzungen\/Hauptsatzung 2010.pdf\" target=\"_blank\">Hauptsatzung <\/a>der Ortsgemeinde Winden. Fassung vom 26. Januar 2010.<\/li>\n<li><a href=\"http:\/\/www.wir-in-winden.de\/wp-content\/uploads\/Ortssatzungen\/Satzung Winden Friedhof.pdf\" target=\"_self\">Friedhofssatzung<\/a><\/li>\n<li><a href=\"http:\/\/www.wir-in-winden.de\/\/wp-content\/uploads\/Ortssatzungen\/\u00c4nderung Friedhofssatzung Winden 2004.pdf\" target=\"_self\">\u00c4nderung der Friedhofssatzung<\/a> von 2004<\/li>\n<li><a href=\"http:\/\/www.wir-in-winden.de\/\/wp-content\/uploads\/Ortssatzungen\/Satzung Winden Friedhofsgeb\u00fchren.pdf\" target=\"_blank\">Friedhofsgeb\u00fchrensatzung<\/a><\/li>\n<li><a href=\"http:\/\/www.wir-in-winden.de\/\/wp-content\/uploads\/Ortssatzungen\/Friedhofsgeb\u00fchrensatzung.pdf\" target=\"_blank\">Friedhofsgeb\u00fchrensatzung vom 13.12. 2010<br \/>\n<\/a><\/li>\n<li><a href=\"http:\/\/www.wir-in-winden.de\/\/wp-content\/uploads\/Ortssatzungen\/Satzung Winden Stra\u00dfenreinigung.pdf\" target=\"_blank\">Stra\u00dfenreinigungssatzung<\/a><\/li>\n<li><a href=\"http:\/\/www.wir-in-winden.de\/\/wp-content\/uploads\/Ortssatzungen\/Satzung Winden Schutz des Ortsbildes.pdf\" target=\"_blank\">Satzung zum Schutz des Ortsbildes<\/a><\/li>\n<li><a href=\"http:\/\/www.wir-in-winden.de\/\/wp-content\/uploads\/Ortssatzungen\/Erschlie\u00dfungsbeitragssatzung.pdf\" target=\"_blank\">Erschlie\u00dfungsbeitragssatzung<\/a><\/li>\n<li><a href=\"http:\/\/www.wir-in-winden.de\/\/wp-content\/uploads\/Ortssatzungen\/SATZUNG FREMDENVERKEHRSBEITRAG WINDEN.pdf\" target=\"_blank\">Fremdenverkehrsbeitragssatzung<\/a><\/li>\n<li><a href=\"http:\/\/www.wir-in-winden.de\/\/wp-content\/uploads\/Ortssatzungen\/Benutzungs- und Geb\u00fchrenordnung B\u00fcrgerhaus 13.12.pdf\" target=\"_blank\">Benutzungs- und Geb\u00fchrenordnung f\u00fcr das B\u00fcrgerhaus<\/a><\/li>\n<li><a href=\"http:\/\/www.wir-in-winden.de\/\/wp-content\/uploads\/Ortssatzungen\/Benutzungs -und Geb\u00fchrenordnung Grillh\u00fctte Winden vom 13.12.2010.pdf\" target=\"_blank\">Benutzungs -und Geb\u00fchrenordnung f\u00fcr die Grillh\u00fctte<\/a><\/li>\n<li><a href=\"http:\/\/www.wir-in-winden.de\/\/wp-content\/uploads\/Ortssatzungen\/Grillh\u00fctte 10.01.2007.pdf\" target=\"_blank\">Anlage zur Grillh\u00fctten-Satzung <\/a>von 2007<\/li>\n<li><a href=\"http:\/\/www.wir-in-winden.de\/\/wp-content\/uploads\/Ortssatzungen\/Hundesteuersatzung Winden.pdf\" target=\"_blank\">Hundesteuersatzung<\/a><\/li>\n<li><a href=\"http:\/\/www.wir-in-winden.de\/\/wp-content\/uploads\/Ortssatzungen\/Stellplatzabl\u00f6sungssatzung.pdf\" target=\"_blank\">Stellplatzabl\u00f6sungssatzung<\/a><\/li>\n<li><a href=\"http:\/\/www.wir-in-winden.de\/\/wp-content\/uploads\/Ortssatzungen\/Ausbaubeitragssatzung 2010 wiederkehrende Beitr\u00e4ge.pdf\" target=\"_blank\">Ausbaubeitragssatzung 2010 \u00fcber die Erhebung wiederkehrender Beitr\u00e4ge <\/a><\/li>\n<li><a href=\"http:\/\/www.wir-in-winden.de\/\/wp-content\/uploads\/Ortssatzungen\/Abrundungssatzung Bergstra\u00dfe.pdf\" target=\"_blank\">Abrundungssatzung Bergstra\u00dfe<\/a><\/li>\n<li><a href=\"http:\/\/www.wir-in-winden.de\/\/wp-content\/uploads\/Ortssatzungen\/Satzung Kostenerst. Ausgleichsm.pdf\" target=\"_blank\">Satzung \u00fcber die Kostenerstattung von Ausgleichsma\u00dfnahmen<\/a> vom 20. April 1998.<\/li>\n<\/ul>\n","protected":false},"excerpt":{"rendered":"<p>Hier k\u00f6nnen Sie sich s\u00e4mtliche Ortssatzungen der Ortsgemeinde Winden herunterladen. Link zur Hauptsatzung der Ortsgemeinde Winden. Fassung vom 26. Januar 2010. Friedhofssatzung \u00c4nderung der Friedhofssatzung von 2004 Friedhofsgeb\u00fchrensatzung Friedhofsgeb\u00fchrensatzung vom 13.12. 2010 Stra\u00dfenreinigungssatzung Satzung zum Schutz des Ortsbildes Erschlie\u00dfungsbeitragssatzung Fremdenverkehrsbeitragssatzung Benutzungs- und Geb\u00fchrenordnung f\u00fcr das B\u00fcrgerhaus Benutzungs -und Geb\u00fchrenordnung f\u00fcr die Grillh\u00fctte Anlage zur Grillh\u00fctten-Satzung [&hellip;]<\/p>\n","protected":false},"author":1,"featured_media":0,"parent":5,"menu_order":0,"comment_status":"open","ping_status":"open","template":"","meta":{"footnotes":""},"class_list":["post-1112","page","type-page","status-publish","hentry"],"_links":{"self":[{"href":"https:\/\/www.wir-in-winden.de\/index.php?rest_route=\/wp\/v2\/pages\/1112","targetHints":{"allow":["GET"]}}],"collection":[{"href":"https:\/\/www.wir-in-winden.de\/index.php?rest_route=\/wp\/v2\/pages"}],"about":[{"href":"https:\/\/www.wir-in-winden.de\/index.php?rest_route=\/wp\/v2\/types\/page"}],"author":[{"embeddable":true,"href":"https:\/\/www.wir-in-winden.de\/index.php?rest_route=\/wp\/v2\/users\/1"}],"replies":[{"embeddable":true,"href":"https:\/\/www.wir-in-winden.de\/index.php?rest_route=%2Fwp%2Fv2%2Fcomments&post=1112"}],"version-history":[{"count":28,"href":"https:\/\/www.wir-in-winden.de\/index.php?rest_route=\/wp\/v2\/pages\/1112\/revisions"}],"predecessor-version":[{"id":1114,"href":"https:\/\/www.wir-in-winden.de\/index.php?rest_route=\/wp\/v2\/pages\/1112\/revisions\/1114"}],"up":[{"embeddable":true,"href":"https:\/\/www.wir-in-winden.de\/index.php?rest_route=\/wp\/v2\/pages\/5"}],"wp:attachment":[{"href":"https:\/\/www.wir-in-winden.de\/index.php?rest_route=%2Fwp%2Fv2%2Fmedia&parent=1112"}],"curies":[{"name":"wp","href":"https:\/\/api.w.org\/{rel}","templated":true}]}}